{"id":99,"date":"2016-10-12T03:17:37","date_gmt":"2016-10-12T03:17:37","guid":{"rendered":"http:\/\/dev.advalorem.ca\/?page_id=99"},"modified":"2025-07-15T09:42:14","modified_gmt":"2025-07-15T13:42:14","slug":"nous-contacter","status":"publish","type":"page","link":"https:\/\/www.advalorem.ca\/fr\/nous-contacter\/","title":{"rendered":"Nous contacter"},"content":{"rendered":"<div id=\"pl-99\"  class=\"panel-layout\" ><div id=\"pg-99-0\"  class=\"panel-grid panel-no-style\" ><div id=\"pgc-99-0-0\"  class=\"panel-grid-cell\" ><div id=\"panel-99-0-0-0\" class=\"so-panel widget widget_text panel-first-child panel-last-child\" data-index=\"0\" >\t\t\t<div class=\"textwidget\"><iframe src=\"https:\/\/maps.google.com\/maps?f=q&source=s_q&hl=en&geocode=&q=Ad+Valorem+Inc.,+Boulevard+Cr%C3%A9mazie+Est,+Montreal,+QC,+Canada&aq=0&oq=ad+valorem&sll=37.0625,-95.677068&sspn=38.963048,86.572266&t=m&ie=UTF8&hq=Ad+Valorem+Inc.,&hnear=Boulevard+Cr%C3%A9mazie+Est,+Montr%C3%A9al,+Qu%C3%A9bec,+Canada&ll=45.550392,-73.628654&spn=0.008415,0.021458&z=15&iwloc=A&output=embed\" frameborder=\"0\" style=\"border:0\" allowfullscreen><\/iframe><\/div>\n\t\t<\/div><\/div><\/div><div id=\"pg-99-1\"  class=\"panel-grid panel-no-style\" ><div id=\"pgc-99-1-0\"  class=\"panel-grid-cell\" ><div id=\"panel-99-1-0-0\" class=\"so-panel widget widget_siteorigin-panels-builder panel-first-child panel-last-child\" data-index=\"1\" ><div class=\"cnt-address panel-widget-style panel-widget-style-for-99-1-0-0\" ><div id=\"pl-w68765ab6de10e\"  class=\"panel-layout\" ><div id=\"pg-w68765ab6de10e-0\"  class=\"panel-grid panel-no-style\" ><div id=\"pgc-w68765ab6de10e-0-0\"  class=\"panel-grid-cell\" ><div id=\"panel-w68765ab6de10e-0-0-0\" class=\"so-panel widget widget_text panel-first-child panel-last-child\" data-index=\"0\" ><h3 class=\"widget-title\">Informations<\/h3>\t\t\t<div class=\"textwidget\"><span><i class=\"fa fa-map-marker\"><\/i>   <b>Adresse<\/b><\/span><br>1100 boulevard Cr\u00e9mazie Est, Bureau 708<br>\n Montr\u00e9al, Qu\u00e9bec, H2P 2X2<br><br>Acc\u00e8s au stationnement par la rue Cr\u00e9mazie \n<div class=\"hr_solid\"><\/div>\n<span><i class=\"fa fa-phone\"><\/i>   <b>T\u00e9l\u00e9phone<\/b><\/span><br>514-461-1543\n<\/div>\n\t\t<\/div><\/div><div id=\"pgc-w68765ab6de10e-0-1\"  class=\"panel-grid-cell\" ><div id=\"panel-w68765ab6de10e-0-1-0\" class=\"so-panel widget widget_text panel-first-child panel-last-child\" data-index=\"1\" ><div class=\"cnt-form panel-widget-style panel-widget-style-for-w68765ab6de10e-0-1-0\" ><h3 class=\"widget-title\">Nous envoyez un message<\/h3>\t\t\t<div class=\"textwidget\"><p><span class=\"bws_info cntctfrm_shortcode_for_language\"><span class=\"cntctfrm_shortcode\"><\/p>\n<form method=\"post\" id=\"cntctfrm_contact_form\" class=\"cntctfrm_contact_form cntctfrm_one_column cntctfrm_ltr cntctfrm_width_default\" action=\"\/fr\/wp-json\/wp\/v2\/pages\/99#cntctfrm_contact_form\" enctype=\"multipart\/form-data\" data-trp-original-action=\"\/fr\/wp-json\/wp\/v2\/pages\/99#cntctfrm_contact_form\">\n<div id=\"cntctfrm_first_column\" class=\"cntctfrm_column\">\n<div class=\"cntctfrm_field_wrap cntctfrm_field_name_wrap\">\n<div class=\"cntctfrm_label cntctfrm_label_name\">\n\t\t\t\t\t\t\t\t\t\t<label for=\"cntctfrm_contact_name\">Name: <span class=\"required\">*<\/span><\/label><\/div>\n<div class=\"cntctfrm_input cntctfrm_input_name\">\n\t\t\t\t\t\t\t\t\t\t<input class=\"text\" type=\"text\" size=\"40\" value=\"\" name=\"cntctfrm_contact_name\" id=\"cntctfrm_contact_name\" \/><\/div>\n<\/div>\n<div class=\"cntctfrm_field_wrap cntctfrm_field_email_wrap\">\n<div class=\"cntctfrm_label cntctfrm_label_email\">\n\t\t\t\t\t\t\t\t\t\t<label for=\"cntctfrm_contact_email\">Email Address: <span class=\"required\">*<\/span><\/label>\n\t\t\t\t\t\t\t\t\t<\/div>\n<div class=\"cntctfrm_input cntctfrm_input_email\">\n\t\t\t\t\t\t\t\t\t\t<input class=\"text\" type=\"text\" size=\"40\" value=\"\" name=\"cntctfrm_contact_email\" id=\"cntctfrm_contact_email\" \/><\/div>\n<\/div>\n<div class=\"cntctfrm_field_wrap cntctfrm_field_subject_wrap\">\n<div class=\"cntctfrm_label cntctfrm_label_subject\">\n\t\t\t\t\t\t\t\t\t\t<label for=\"cntctfrm_contact_subject\">Subject: <span class=\"required\">*<\/span><\/label>\n\t\t\t\t\t\t\t\t\t<\/div>\n<div class=\"cntctfrm_input cntctfrm_input_subject\">\n\t\t\t\t\t\t\t\t\t<input class=\"text\" type=\"text\" size=\"40\" value=\"\" name=\"cntctfrm_contact_subject\" id=\"cntctfrm_contact_subject\" \/><\/div>\n<\/div>\n<div class=\"cntctfrm_field_wrap cntctfrm_field_message_wrap\">\n<div class=\"cntctfrm_label cntctfrm_label_message\">\n\t\t\t\t\t\t\t\t\t<label for=\"cntctfrm_contact_message\">Message: <span class=\"required\">*<\/span><\/label>\n\t\t\t\t\t\t\t\t<\/div>\n<div class=\"cntctfrm_input cntctfrm_input_message\">\n\t\t\t\t\t\t\t\t\t<textarea maxlength=\"40\" rows=\"5\" cols=\"30\" name=\"cntctfrm_contact_message\" id=\"cntctfrm_contact_message\"><\/textarea><\/div>\n<\/div>\n<\/div>\n<div class=\"clear\"><\/div>\n<div class=\"cntctfrm_submit_wrap\">\n<div id=\"cntctfrm_submit_first_column\" class=\"cntctfrm_column\">\n<div class=\"cntctfrm_input cntctfrm_input_submit\" style=\"text-align: left !important;\"><input type=\"hidden\" value=\"send\" name=\"cntctfrm_contact_action\"><input type=\"hidden\" value=\"Version: 3.30\" \/><br \/>\n\t\t\t\t\t\t\t<input type=\"hidden\" value=\"default\" name=\"cntctfrm_language\"><br \/>\n\t\t\t\t\t\t\t<input type=\"hidden\" value=\"1\" name=\"cntctfrm_form_submited\"><br \/>\n\t\t\t\t\t\t\t<input type=\"hidden\" value=\"cntctfrm_options\" name=\"cntctfrm_options_name\"><br \/>\n\t\t\t\t\t\t\t<input type=\"submit\" value=\"Submit\" class=\"cntctfrm_contact_submit\" \/>\n\t\t\t\t\t\t<\/div>\n<\/div>\n<div id=\"cntctfrm_submit_second_column\" class=\"cntctfrm_column\"><\/div>\n<div class=\"clear\"><\/div>\n<\/p><\/div>\n<\/p><input type=\"hidden\" name=\"trp-form-language\" value=\"fr\"\/><\/form>\n<p><\/span><\/span><\/p>\n<\/div>\n\t\t<\/div><\/div><\/div><\/div><\/div><\/div><\/div><\/div><\/div><\/div>","protected":false},"excerpt":{"rendered":"<p>Informations Adresse1100 boulevard Cr\u00e9mazie Est, Bureau 708 Montr\u00e9al, Qu\u00e9bec, H2P 2X2Acc\u00e8s au stationnement par la rue Cr\u00e9mazie T\u00e9l\u00e9phone514-461-1543 Nous envoyez un message Name: * Email Address: * Subject: * Message: *<\/p>","protected":false},"author":1,"featured_media":0,"parent":0,"menu_order":0,"comment_status":"closed","ping_status":"closed","template":"","meta":[],"_links":{"self":[{"href":"https:\/\/www.advalorem.ca\/fr\/wp-json\/wp\/v2\/pages\/99"}],"collection":[{"href":"https:\/\/www.advalorem.ca\/fr\/wp-json\/wp\/v2\/pages"}],"about":[{"href":"https:\/\/www.advalorem.ca\/fr\/wp-json\/wp\/v2\/types\/page"}],"author":[{"embeddable":true,"href":"https:\/\/www.advalorem.ca\/fr\/wp-json\/wp\/v2\/users\/1"}],"replies":[{"embeddable":true,"href":"https:\/\/www.advalorem.ca\/fr\/wp-json\/wp\/v2\/comments?post=99"}],"version-history":[{"count":17,"href":"https:\/\/www.advalorem.ca\/fr\/wp-json\/wp\/v2\/pages\/99\/revisions"}],"predecessor-version":[{"id":1569,"href":"https:\/\/www.advalorem.ca\/fr\/wp-json\/wp\/v2\/pages\/99\/revisions\/1569"}],"wp:attachment":[{"href":"https:\/\/www.advalorem.ca\/fr\/wp-json\/wp\/v2\/media?parent=99"}],"curies":[{"name":"wp","href":"https:\/\/api.w.org\/{rel}","templated":true}]}}