{"id":321,"date":"2016-10-22T01:43:00","date_gmt":"2016-10-22T01:43:00","guid":{"rendered":"http:\/\/dev.advalorem.ca\/?page_id=321"},"modified":"2025-03-31T07:30:25","modified_gmt":"2025-03-31T11:30:25","slug":"taux-de-tva-du-canada","status":"publish","type":"page","link":"https:\/\/www.advalorem.ca\/fr\/taux-de-tva-du-canada\/","title":{"rendered":"Taux de TVA du Canada"},"content":{"rendered":"<div id=\"pl-321\"  class=\"panel-layout\" ><div id=\"pg-321-0\"  class=\"panel-grid panel-no-style\" ><div id=\"pgc-321-0-0\"  class=\"panel-grid-cell\" ><div id=\"panel-321-0-0-0\" class=\"so-panel widget widget_text panel-first-child panel-last-child\" data-index=\"0\" ><h3 class=\"widget-title\">Taux courants de TVA du Canada<\/h3>\t\t\t<div class=\"textwidget\"><table id=\"vatRates\">\n<tr><td>Terre-Neuve-et-Labrador<\/td><td>15% TVH<\/td><\/tr>\n<tr><td>\u00cele-du-Prince-\u00c9douard<\/td><td>15% TVH<\/td><\/tr>\n<tr><td>Nouvelle-\u00c9cosse<\/td><td>14% TVH<\/td><\/tr>\n<tr><td>Nouveau-Brunswick<\/td><td>15% TVH<\/td><\/tr>\n<tr><td>Qu\u00e9bec<\/td><td>5% TPS & 9.975% TVQ<\/td><\/tr>\n<tr><td>Ontario<\/td><td>13% TVH<\/td><\/tr>\n<tr><td>Manitoba<\/td><td>5% TPS<\/td><\/tr>\n<tr><td>Saskatchewan<\/td><td>5% TPS<\/td><\/tr>\n<tr><td>Alberta<\/td><td>5% TPS<\/td><\/tr>\n<tr><td>Colombie-Britannique<\/td><td>5% TPS<\/td><\/tr>\n<tr><td>Nunavut<\/td><td>5% TPS<\/td><\/tr>\n<tr><td>Territoires du Nord-Ouest<\/td><td>5% TPS<\/td><\/tr>\n<tr><td>Yukon<\/td><td>5% TPS<\/td><\/tr>\n<\/table><\/div>\n\t\t<\/div><\/div><\/div><div id=\"pg-321-1\"  class=\"panel-grid panel-no-style\" ><div id=\"pgc-321-1-0\"  class=\"panel-grid-cell\" ><div id=\"panel-321-1-0-0\" class=\"so-panel widget widget_text panel-first-child panel-last-child\" data-index=\"1\" ><h3 class=\"widget-title\">Taux historiques de TVA du Canada<\/h3>\t\t\t<div class=\"textwidget\"><div class=\"accordion\">\n<h3>Terre-Neuve-et-Labrador<\/h3><div class=\"acc_content\">\n<img class=\"canadaMapProvince\" src=\"\/wp-content\/uploads\/canada-newfoundland-and-labrador.jpg\">\n<h4>Taux historique de TVA<\/h4>\n<h6>Taux de TPS<\/h6>\n<ul>\n<li>15% TVH depuis le 1<sup>er<\/sup> juillet 2016<\/li>\n<li>13% TVH du 1<sup>er<\/sup> janvier 2008 au 30 juin 2016<\/li>\n<li>14% TVH du 1<sup>er<\/sup> juillet 2006 au 31 d\u00e9cembre 2007;<\/li>\n<li>15% TVH du 1<sup>er<\/sup> avril 1997 au 30 juin 2006<\/li>\n<li>5% TPS du 1<sup>er<\/sup> janvier 1991 au 31 d\u00e9cembre 1997<\/li>\n<\/ul>\n<p> (dates en vigueur sujettes aux dispositions transitoires)<\/p>\n<\/div>\n\n<h3>\u00cele-du-Prince-\u00c9douard<\/h3><div class=\"acc_content\">\n<img class=\"canadaMapProvince\" src=\"\/wp-content\/uploads\/canada-prince-edward-island.jpg\">\n<h4>Taux historique de TVA<\/h4>\n<h6>Taux de TPS<\/h6>\n<ul>\n<li>15% TVH depuis le 1<sup>er<\/sup> octobre 2016<\/li>\n<li>14% TVH du 1<sup>er<\/sup> avril 2013 au 30 septembre 2016<\/li>\n<li>5% TPS du 1<sup>er<\/sup> janvier 2008 au 31 mars 2013<\/li>\n<li>6% TPS du 1<sup>er<\/sup> juillet 2006 au 31 d\u00e9cembre 2007<\/li>\n<li>7% TPS du 1<sup>er<\/sup> janvier 1991 au 30 juin 2006<\/li>\n<\/ul>\n<p> (dates en vigueur sujettes aux dispositions transitoires)<\/p>\n<\/div>\n\n<h3>Nouvelle-\u00c9cosse<\/h3><div class=\"acc_content\">\n<img class=\"canadaMapProvince\" src=\"\/wp-content\/uploads\/canada-nova-scotia.jpg\">\n<h4>Taux historique de TVA<\/h4>\n<h6>Taux de TPS<\/h6>\n<ul>\n<li>14% TVH \u00e0 partir du 1<sup>er<\/sup> avril 2025<\/li>\n<li>15% TVH du 1<sup>er<\/sup> juillet 2016 au 31 mars 2025<\/li>\n<li>13% TVH du 1<sup>er<\/sup> janvier 2008 au 30 juin 2010<\/li>\n<li>14% TVH du 1<sup>er<\/sup> juillet 2006 au 31 d\u00e9cembre 2007<\/li>\n<li>15% TVH du 1<sup>er<\/sup> avril 1997 au 30 juin 2006<\/li>\n<li>5% TPS du 1<sup>er<\/sup> janvier 1991 au 31 mars 1997<\/li>\n<\/ul>\n<p> (dates en vigueur sujettes aux dispositions transitoires)<\/p>\n<\/div>\n\n<h3>Nouveau-Brunswick<\/h3><div class=\"acc_content\">\n<img class=\"canadaMapProvince\" src=\"\/wp-content\/uploads\/canada-new-brunswick.jpg\"><h4>Taux historique de TVA<\/h4>\n<h6>Taux de TPS<\/h6>\n<ul>\n<li>15% TVH depuis le 1<sup>er<\/sup> juillet 2016<\/li>\n<li>13% TVH du 1<sup>er<\/sup> janvier 2008 au 30 juin 2016<\/li>\n<li>14% TVH du 1<sup>er<\/sup> juillet 2006 au 31 d\u00e9cembre 2007<\/li>\n<li>15% TVH du 1<sup>er<\/sup> avril 1997 au 30 juin 2006<\/li>\n<li>5% TPS du 1<sup>er<\/sup> janvier 1991 au 31 mars 1997<\/li>\n<\/ul>\n<p> (dates en vigueur sujettes aux dispositions transitoires)<\/p>\n<\/div>\n\n<h3>Qu\u00e9bec<\/h3><div class=\"acc_content\">\n<img class=\"canadaMapProvince\" src=\"\/wp-content\/uploads\/canada-quebec.jpg\">\n<h4>Taux historique de TVA<\/h4>\n<h6>Taux de TPS<\/h6>\n<ul>\n<li>5% TPS depuis le 1<sup>er<\/sup> janvier 2008<\/li>\n<li>6% TPS du 1<sup>er<\/sup> juillet 2006 au 31 d\u00e9cembre 2007<\/li>\n<li>7% TPS du 1<sup>er<\/sup> janvier 1991 au 30 juin 2006<\/li>\n<\/ul>\n<h6>QST Rates<\/h6>\n<ul>\n<li><a href=\"http:\/\/www.revenuquebec.ca\/fr\/salle-de-presse\/nouvelles-fiscales\/2012\/2012-10-11.aspx?M=0\">9.975% TVQ depuis le 1<sup>er<\/sup> janvier 2013\n(sur un montant avant la TPS)<\/a><\/li>\n<li>9.5% TVQ du 1<sup>er<\/sup> janvier 2012 au 31 d\u00e9cembre 2012<\/li>\n<li>8.5% TVQ du 1<sup>er<\/sup> janvier 2011 au 31 d\u00e9cembre 2011<\/li>\n<li>7.5% TVQ du 1<sup>er<\/sup> janvier 1998 au 31 d\u00e9cembre 2010<\/li>\n<li>6.5% TVQ du 13 mai 1994 au 31 d\u00e9cembre 1997<\/li>\n<li>8% ou 4% TVQ du 1<sup>er<\/sup> juillet 1992 au 12 mai 1994<\/li>\n<\/ul>\n<p> (dates en vigueur sujettes aux dispositions transitoires)<\/p>\n<\/div>\n\n<h3>Ontario<\/h3><div class=\"acc_content\">\n<img class=\"canadaMapProvince\" src=\"\/wp-content\/uploads\/canada-ontario.jpg\">\n<h4>Taux historique de TVA<\/h4>\n<h6>Taux de TPS<\/h6>\n<ul>\n<li>13% TVH depuis le 1<sup>er<\/sup> juillet 2010<\/li>\n<li>5% TPS du 1<sup>er<\/sup> janvier 2008 au 30 juin 2010<\/li>\n<li>6% TPS du 1<sup>er<\/sup> juillet 2006 au 31 d\u00e9cembre 2007<\/li>\n<li>7% TPS du 1<sup>er<\/sup> janvier 1991 au 30 juin 2006<\/li>\n<\/ul>\n<p> (dates en vigueur sujettes aux dispositions transitoires)<\/p>\n<\/div>\n\n<h3>Manitoba<\/h3><div class=\"acc_content\">\n<img class=\"canadaMapProvince\" src=\"\/wp-content\/uploads\/canada-manitoba.jpg\">\n<h4>Taux historique de TVA<\/h4>\n<h6>Taux de TPS<\/h6>\n<ul>\n<li>5% TPS depuis le 1<sup>er<\/sup> janvier 2008<\/li>\n<li>6% TPS du 1<sup>er<\/sup> juillet 2006 au 31 d\u00e9cembre 2007<\/li>\n<li>7% TPS du 1<sup>er<\/sup> janvier 1991 au 30 juin 2006<\/li>\n<\/ul>\n<p> (dates en vigueur sujettes aux dispositions transitoires)<\/p>\n<\/div>\n\n<h3>Saskatchewan<\/h3><div class=\"acc_content\">\n<img class=\"canadaMapProvince\" src=\"\/wp-content\/uploads\/canada-saskatchewan.jpg\">\n<h4>Taux historique de TVA<\/h4>\n<h6>Taux de TPS<\/h6>\n<ul>\n<li>5% TPS depuis le 1<sup>er<\/sup> janvier 2008<\/li>\n<li>6% TPS du 1<sup>er<\/sup> juillet 2006 au 31 d\u00e9cembre 2007<\/li>\n<li>7% TPS du 1<sup>er<\/sup> janvier 1991 au 30 juin 2006<\/li>\n<\/ul>\n<p> (dates en vigueur sujettes aux dispositions transitoires)<\/p>\n<\/div>\n\n<h3>Alberta<\/h3><div class=\"acc_content\">\n<img class=\"canadaMapProvince\" src=\"\/wp-content\/uploads\/canada-alberta.jpg\">\n<h4>Taux historique de TVA<\/h4>\n<h6>Taux de TPS<\/h6>\n<ul>\n<li>5% TPS depuis le 1<sup>er<\/sup> janvier 2008<\/li>\n<li>6% TPS du 1<sup>er<\/sup> juillet 2006 au 31 d\u00e9cembre 2007<\/li>\n<li>7% TPS du 1<sup>er<\/sup> janvier 1991 au 30 juin 2006<\/li>\n<\/ul>\n<p> (dates en vigueur sujettes aux dispositions transitoires)<\/p>\n<\/div>\n\n<h3>Colombie-Britannique<\/h3><div class=\"acc_content\">\n<img class=\"canadaMapProvince\" src=\"\/wp-content\/uploads\/canada-british-columbia.jpg\"><h4>Taux historique de TVA<\/h4>\n<h6>Taux de TPS<\/h6>\n<ul>\n<li><a href=\"http:\/\/www.revenuquebec.ca\/fr\/salle-de-presse\/nouvelles-fiscales\/2012\/2012-10-30.aspx?M=0\">5% TPS depuis le 1<sup>er<\/sup> avril 2013 (et retour de la TVP)<\/a><\/li>\n<li>12% TVH du 1<sup>er<\/sup> juillet 2010 au 31 mars 2013<\/li>\n<li>5% TPS du 1<sup>er<\/sup> janvier 2008 au 30 juin 2010<\/li>\n<li>6% TPS du 1<sup>er<\/sup> juillet 2006 au 31 d\u00e9cembre 2007<\/li>\n<li>7% TPS du 1<sup>er<\/sup> janvier 1991 au 30 juin 2006<\/li>\n<\/ul>\n<p> (dates en vigueur sujettes aux dispositions transitoires)<\/p>\n<\/div>\n\n<h3>Nunavut<\/h3><div class=\"acc_content\">\n<img class=\"canadaMapProvince\" src=\"\/wp-content\/uploads\/canada-nunavut.jpg\"><h4>Taux historique de TVA<\/h4>\n<h6>Taux de TPS<\/h6>\n<ul>\n<li>5% TPS depuis le 1<sup>er<\/sup> janvier 2008<\/li>\n<li>6% TPS du 1<sup>er<\/sup> juillet 2006 au 31 d\u00e9cembre 2007<\/li>\n<li>7% TPS du 1<sup>er<\/sup> avril 1999 au 30 juin 2006<\/li>\n<\/ul>\n<p> (dates en vigueur sujettes aux dispositions transitoires)<\/p>\n<\/div>\n\n<h3>Territoires du Nord-Ouest<\/h3><div class=\"acc_content\">\n<img class=\"canadaMapProvince\" src=\"\/wp-content\/uploads\/canada-northwest-territories.jpg\">\n<h4>Taux historique de TVA<\/h4>\n<h6>Taux de TPS<\/h6>\n<ul>\n<li>5% TPS depuis le 1<sup>er<\/sup> janvier 2008<\/li>\n<li>6% TPS du 1<sup>er<\/sup> juillet 2006 au 31 d\u00e9cembre 2007<\/li>\n<li>7% TPS du 1<sup>er<\/sup> janvier 1991 au 30 juin 2006<\/li>\n<\/ul>\n<p> (dates en vigueur sujettes aux dispositions transitoires)<\/p>\n<\/div>\n\n<h3>Yukon<\/h3><div class=\"acc_content\">\n<img class=\"canadaMapProvince\" src=\"\/wp-content\/uploads\/canada-yukon.jpg\">\n<h4>Taux historique de TVA<\/h4>\n<h6>Taux de TPS<\/h6>\n<ul>\n<li>5% TPS depuis le 1<sup>er<\/sup> janvier 2008<\/li>\n<li>6% TPS du 1<sup>er<\/sup> juillet 2006 au 31 d\u00e9cembre 2007<\/li>\n<li>7% TPS du 1<sup>er<\/sup> janvier 1991 au 30 juin 2006<\/li>\n<\/ul>\n<p> (dates en vigueur sujettes aux dispositions transitoires)<\/p>\n<\/div>\n\n<\/div>\n\n<br><br>\n<div class=\"hr_dotted\"><\/div>\n<h4>Notes<\/h4>\n<p><strong>Les provinces et territoires imposent aussi des taxes qui sont sp\u00e9cifiques<\/strong> (taxes impos\u00e9es \u00e0 un taux fixe par unit\u00e9 telles les taxes sur le carburant et le tabac) et, selon le cas ad valorem (taxe impos\u00e9e sur la valeur), telles les taxes de ventes provinciales.<\/p>\n\n<p><b>Les taxes de ventes provinciales en vigueur sont :<\/b><\/p>\n<ul>\n<li>La taxe de vente provinciel de la <strong>Colombie-Britannique<\/strong> \u00e0 un taux g\u00e9n\u00e9ral de 7%<\/li>\n<li>La taxe de ventes provinciale de la <strong>Saskatchewan<\/strong> \u00e0 un taux de 6% sous <em>The Provincial Sales Tax Act<\/em> qui se calcule sur un montant avant la TPS<\/li>\n<li>La taxe de vente en d\u00e9tail du <strong>Manitoba<\/strong> \u00e0 un taux de 7% sous <em>The Retail Sales Tax Act<\/em> qui se calcule sur un montant avant la TPS<\/li>\n<\/ul>\n\n<p>La taxe de vente en d\u00e9tail de l'<strong>Ontario<\/strong> fut remplac\u00e9e le 1<sup>er<\/sup> juillet 2010 par la TVH f\u00e9d\u00e9rale, sauf pour certaines primes d'assurance (taux de 8%) et pour certaines ventes de v\u00e9hicules par des personnes non inscrites sous la TPS\/TVH (taux de 13%).<\/p>\n\n<p>Depuis le 1<sup>er<\/sup> janvier 2013, la TVQ est calcul\u00e9e sur un montant avant la TPS.<\/p>\n\n<p>Les l\u00e9gislations des TVA canadiennes \u00e9num\u00e8rent plusieurs cat\u00e9gories de biens et services qui sont taxables au taux de 0% (exemples : exportations r\u00e9put\u00e9es, produits alimentaires de base).<\/p><\/div>\n\t\t<\/div><\/div><\/div><\/div>","protected":false},"excerpt":{"rendered":"<p>Taux courants de TVA du Canada Terre-Neuve-et-Labrador15% TVH \u00cele-du-Prince-\u00c9douard15% TVH Nouvelle-\u00c9cosse14% TVH Nouveau-Brunswick15% TVH Qu\u00e9bec5% TPS &#038; 9.975% TVQ Ontario13% TVH Manitoba5% TPS Saskatchewan5% TPS Alberta5% TPS Colombie-Britannique5% TPS Nunavut5% TPS Territoires du Nord-Ouest5% TPS Yukon5% TPS Taux historiques de TVA du Canada Terre-Neuve-et-Labrador Taux historique de TVA Taux de TPS 15% TVH depuis le<\/p>","protected":false},"author":1,"featured_media":0,"parent":0,"menu_order":0,"comment_status":"closed","ping_status":"closed","template":"","meta":[],"_links":{"self":[{"href":"https:\/\/www.advalorem.ca\/fr\/wp-json\/wp\/v2\/pages\/321"}],"collection":[{"href":"https:\/\/www.advalorem.ca\/fr\/wp-json\/wp\/v2\/pages"}],"about":[{"href":"https:\/\/www.advalorem.ca\/fr\/wp-json\/wp\/v2\/types\/page"}],"author":[{"embeddable":true,"href":"https:\/\/www.advalorem.ca\/fr\/wp-json\/wp\/v2\/users\/1"}],"replies":[{"embeddable":true,"href":"https:\/\/www.advalorem.ca\/fr\/wp-json\/wp\/v2\/comments?post=321"}],"version-history":[{"count":26,"href":"https:\/\/www.advalorem.ca\/fr\/wp-json\/wp\/v2\/pages\/321\/revisions"}],"predecessor-version":[{"id":1510,"href":"https:\/\/www.advalorem.ca\/fr\/wp-json\/wp\/v2\/pages\/321\/revisions\/1510"}],"wp:attachment":[{"href":"https:\/\/www.advalorem.ca\/fr\/wp-json\/wp\/v2\/media?parent=321"}],"curies":[{"name":"wp","href":"https:\/\/api.w.org\/{rel}","templated":true}]}}